{"id":2,"date":"2026-01-03T18:05:21","date_gmt":"2026-01-03T18:05:21","guid":{"rendered":"https:\/\/www.spacapan.eu\/?page_id=2"},"modified":"2026-01-03T17:26:13","modified_gmt":"2026-01-03T17:26:13","slug":"sample-page","status":"publish","type":"page","link":"https:\/\/www.spacapan.eu\/index.php\/sample-page\/","title":{"rendered":"Dru\u017eina \u0160pacapan"},"content":{"rendered":"\n<p><strong>Leopold in Marija \u0160pacapan ter potomci<\/strong><\/p>\n\n\n\n<blockquote class=\"wp-block-quote is-layout-flow wp-block-quote-is-layout-flow\">\n<p>Izraz spazapan v furlanskem nare\u010dju\u00a0 izhaja iz italijanske zveze spaccapane: spaccare = razklati, razlomiti, presekati in \u00a0pane = kruh V nare\u010dni rabi se je pomen lahko prenesel na \u010dloveka, ki veliko je, rad deli kruh, ali pa ima fizi\u010den poklic, povezan s kruhom\u00a0<\/p>\n<\/blockquote>\n\n\n\n<p><\/p>\n","protected":false},"excerpt":{"rendered":"<p>Leopold in Marija \u0160pacapan ter potomci Izraz spazapan v furlanskem nare\u010dju\u00a0 izhaja iz italijanske zveze spaccapane: spaccare = razklati, razlomiti, presekati in \u00a0pane = kruh V nare\u010dni rabi se je pomen lahko prenesel na \u010dloveka, ki veliko je, rad deli kruh, ali pa ima fizi\u010den poklic, povezan s kruhom\u00a0<\/p>\n","protected":false},"author":1,"featured_media":0,"parent":0,"menu_order":0,"comment_status":"closed","ping_status":"open","template":"","meta":{"footnotes":""},"class_list":["post-2","page","type-page","status-publish","hentry"],"_links":{"self":[{"href":"https:\/\/www.spacapan.eu\/index.php\/wp-json\/wp\/v2\/pages\/2","targetHints":{"allow":["GET"]}}],"collection":[{"href":"https:\/\/www.spacapan.eu\/index.php\/wp-json\/wp\/v2\/pages"}],"about":[{"href":"https:\/\/www.spacapan.eu\/index.php\/wp-json\/wp\/v2\/types\/page"}],"author":[{"embeddable":true,"href":"https:\/\/www.spacapan.eu\/index.php\/wp-json\/wp\/v2\/users\/1"}],"replies":[{"embeddable":true,"href":"https:\/\/www.spacapan.eu\/index.php\/wp-json\/wp\/v2\/comments?post=2"}],"version-history":[{"count":1,"href":"https:\/\/www.spacapan.eu\/index.php\/wp-json\/wp\/v2\/pages\/2\/revisions"}],"predecessor-version":[{"id":18,"href":"https:\/\/www.spacapan.eu\/index.php\/wp-json\/wp\/v2\/pages\/2\/revisions\/18"}],"wp:attachment":[{"href":"https:\/\/www.spacapan.eu\/index.php\/wp-json\/wp\/v2\/media?parent=2"}],"curies":[{"name":"wp","href":"https:\/\/api.w.org\/{rel}","templated":true}]}}